{"id":5887,"date":"2026-05-07T14:19:06","date_gmt":"2026-05-07T17:19:06","guid":{"rendered":"https:\/\/home.glassexpo.com.br\/?page_id=5887"},"modified":"2026-05-07T14:39:20","modified_gmt":"2026-05-07T17:39:20","slug":"imprensa","status":"publish","type":"page","link":"https:\/\/home.glassexpo.com.br\/es\/imprensa\/","title":{"rendered":"Imprensa"},"content":{"rendered":"<div data-elementor-type=\"wp-page\" data-elementor-id=\"5887\" class=\"elementor elementor-5887\">\n\t\t\t\t<div class=\"elementor-element elementor-element-6e623ec3 e-flex e-con-boxed e-con e-parent\" data-id=\"6e623ec3\" data-element_type=\"container\" data-e-type=\"container\" data-settings=\"{&quot;background_background&quot;:&quot;classic&quot;}\">\n\t\t\t\t\t<div class=\"e-con-inner\">\n\t\t<div class=\"elementor-element elementor-element-46e5dddf e-flex e-con-boxed e-con e-child\" data-id=\"46e5dddf\" data-element_type=\"container\" data-e-type=\"container\">\n\t\t\t\t\t<div class=\"e-con-inner\">\n\t\t\t\t<div class=\"elementor-element elementor-element-6c5c99e5 elementor-widget elementor-widget-heading\" data-id=\"6c5c99e5\" data-element_type=\"widget\" data-e-type=\"widget\" data-widget_type=\"heading.default\">\n\t\t\t\t<div class=\"elementor-widget-container\">\n\t\t\t\t\t<h1 class=\"elementor-heading-title elementor-size-default\">Imprensa<\/h1>\t\t\t\t<\/div>\n\t\t\t\t<\/div>\n\t\t\t\t\t<\/div>\n\t\t\t\t<\/div>\n\t\t<div class=\"elementor-element elementor-element-7bd9f1da e-con-full e-flex e-con e-child\" data-id=\"7bd9f1da\" data-element_type=\"container\" data-e-type=\"container\" data-settings=\"{&quot;background_background&quot;:&quot;classic&quot;}\">\n\t\t\t\t<div class=\"elementor-element elementor-element-16636d49 elementor-position-inline-start max-h-64 elementor-mobile-position-inline-start elementor-view-default elementor-widget elementor-widget-icon-box\" data-id=\"16636d49\" data-element_type=\"widget\" data-e-type=\"widget\" data-widget_type=\"icon-box.default\">\n\t\t\t\t<div class=\"elementor-widget-container\">\n\t\t\t\t\t\t\t<div class=\"elementor-icon-box-wrapper\">\n\n\t\t\t\t\t\t<div class=\"elementor-icon-box-icon\">\n\t\t\t\t<span  class=\"elementor-icon\">\n\t\t\t\t<svg xmlns=\"http:\/\/www.w3.org\/2000\/svg\" width=\"24\" height=\"24\" viewbox=\"0 0 24 24\" fill=\"none\" stroke=\"currentColor\" stroke-width=\"2\" stroke-linecap=\"round\" stroke-linejoin=\"round\" class=\"lucide lucide-map-pin-icon lucide-map-pin\"><path d=\"M20 10c0 4.993-5.539 10.193-7.399 11.799a1 1 0 0 1-1.202 0C9.539 20.193 4 14.993 4 10a8 8 0 0 1 16 0\"><\/path><circle cx=\"12\" cy=\"10\" r=\"3\"><\/circle><\/svg>\t\t\t\t<\/span>\n\t\t\t<\/div>\n\t\t\t\n\t\t\t\t\t\t<div class=\"elementor-icon-box-content\">\n\n\t\t\t\t\t\t\t\t\t<h4 class=\"elementor-icon-box-title\">\n\t\t\t\t\t\t<span  >\n\t\t\t\t\t\t\tDistrito Anhembi\t\t\t\t\t\t<\/span>\n\t\t\t\t\t<\/h4>\n\t\t\t\t\n\t\t\t\t\n\t\t\t<\/div>\n\t\t\t\n\t\t<\/div>\n\t\t\t\t\t\t<\/div>\n\t\t\t\t<\/div>\n\t\t\t\t<div class=\"elementor-element elementor-element-502e94a9 elementor-position-inline-start max-h-64 elementor-mobile-position-inline-start elementor-view-default elementor-widget elementor-widget-icon-box\" data-id=\"502e94a9\" data-element_type=\"widget\" data-e-type=\"widget\" data-widget_type=\"icon-box.default\">\n\t\t\t\t<div class=\"elementor-widget-container\">\n\t\t\t\t\t\t\t<div class=\"elementor-icon-box-wrapper\">\n\n\t\t\t\t\t\t<div class=\"elementor-icon-box-icon\">\n\t\t\t\t<span  class=\"elementor-icon\">\n\t\t\t\t<svg xmlns=\"http:\/\/www.w3.org\/2000\/svg\" width=\"24\" height=\"24\" viewbox=\"0 0 24 24\" fill=\"none\" stroke=\"currentColor\" stroke-width=\"2\" stroke-linecap=\"round\" stroke-linejoin=\"round\" class=\"lucide lucide-calendar-icon lucide-calendar\"><path d=\"M8 2v4\"><\/path><path d=\"M16 2v4\"><\/path><rect width=\"18\" height=\"18\" x=\"3\" y=\"4\" rx=\"2\"><\/rect><path d=\"M3 10h18\"><\/path><\/svg>\t\t\t\t<\/span>\n\t\t\t<\/div>\n\t\t\t\n\t\t\t\t\t\t<div class=\"elementor-icon-box-content\">\n\n\t\t\t\t\t\t\t\t\t<h4 class=\"elementor-icon-box-title\">\n\t\t\t\t\t\t<span  >\n\t\t\t\t\t\t\t8 - 11 Set | 2027\t\t\t\t\t\t<\/span>\n\t\t\t\t\t<\/h4>\n\t\t\t\t\n\t\t\t\t\n\t\t\t<\/div>\n\t\t\t\n\t\t<\/div>\n\t\t\t\t\t\t<\/div>\n\t\t\t\t<\/div>\n\t\t\t\t<\/div>\n\t\t\t\t\t<\/div>\n\t\t\t\t<\/div>\n\t\t<div class=\"elementor-element elementor-element-1991dd23 e-flex e-con-boxed e-con e-parent\" data-id=\"1991dd23\" data-element_type=\"container\" data-e-type=\"container\" id=\"o-que-e-o-evento\" data-settings=\"{&quot;background_background&quot;:&quot;classic&quot;,&quot;animation&quot;:&quot;none&quot;}\">\n\t\t\t\t\t<div class=\"e-con-inner\">\n\t\t<div class=\"elementor-element elementor-element-c1afee6 e-con-full e-flex e-con e-child\" data-id=\"c1afee6\" data-element_type=\"container\" data-e-type=\"container\">\n\t\t<div class=\"elementor-element elementor-element-13c3324f e-con-full e-flex e-con e-child\" data-id=\"13c3324f\" data-element_type=\"container\" data-e-type=\"container\">\n\t\t\t\t<div class=\"elementor-element elementor-element-69ac896b elementor-widget elementor-widget-heading\" data-id=\"69ac896b\" data-element_type=\"widget\" data-e-type=\"widget\" data-widget_type=\"heading.default\">\n\t\t\t\t<div class=\"elementor-widget-container\">\n\t\t\t\t\t<h3 class=\"elementor-heading-title elementor-size-default\"> Glass South America acompanha as principais discuss\u00f5es do setor e est\u00e1 presente nos ve\u00edculos especializados da ind\u00fastria.<\/h3>\t\t\t\t<\/div>\n\t\t\t\t<\/div>\n\t\t\t\t<\/div>\n\t\t<div class=\"elementor-element elementor-element-06913b4 e-con-full glass-overlay e-flex e-con e-child\" data-id=\"06913b4\" data-element_type=\"container\" data-e-type=\"container\">\n\t\t\t\t<div class=\"elementor-element elementor-element-3990c42 text-gradient elementor-widget elementor-widget-heading\" data-id=\"3990c42\" data-element_type=\"widget\" data-e-type=\"widget\" data-widget_type=\"heading.default\">\n\t\t\t\t<div class=\"elementor-widget-container\">\n\t\t\t\t\t<h3 class=\"elementor-heading-title elementor-size-default\">Nesta \u00e1rea, voc\u00ea encontra:<\/h3>\t\t\t\t<\/div>\n\t\t\t\t<\/div>\n\t\t\t\t<div class=\"elementor-element elementor-element-20bb2fe icon-outline-white elementor-icon-list--layout-traditional elementor-list-item-link-full_width elementor-widget elementor-widget-icon-list\" data-id=\"20bb2fe\" data-element_type=\"widget\" data-e-type=\"widget\" data-widget_type=\"icon-list.default\">\n\t\t\t\t<div class=\"elementor-widget-container\">\n\t\t\t\t\t\t\t<ul class=\"elementor-icon-list-items\">\n\t\t\t\t\t\t\t<li class=\"elementor-icon-list-item\">\n\t\t\t\t\t\t\t\t\t\t\t<span class=\"elementor-icon-list-icon\">\n\t\t\t\t\t\t\t<svg xmlns=\"http:\/\/www.w3.org\/2000\/svg\" width=\"24\" height=\"24\" viewbox=\"0 0 24 24\" fill=\"none\" stroke=\"currentColor\" stroke-width=\"2\" stroke-linecap=\"round\" stroke-linejoin=\"round\" class=\"lucide lucide-square-check-big-icon lucide-square-check-big\"><path d=\"M21 10.656V19a2 2 0 0 1-2 2H5a2 2 0 0 1-2-2V5a2 2 0 0 1 2-2h12.344\"><\/path><path d=\"m9 11 3 3L22 4\"><\/path><\/svg>\t\t\t\t\t\t<\/span>\n\t\t\t\t\t\t\t\t\t\t<span class=\"elementor-icon-list-text\">Releases oficiais<\/span>\n\t\t\t\t\t\t\t\t\t<\/li>\n\t\t\t\t\t\t\t\t<li class=\"elementor-icon-list-item\">\n\t\t\t\t\t\t\t\t\t\t\t<span class=\"elementor-icon-list-icon\">\n\t\t\t\t\t\t\t<svg xmlns=\"http:\/\/www.w3.org\/2000\/svg\" width=\"24\" height=\"24\" viewbox=\"0 0 24 24\" fill=\"none\" stroke=\"currentColor\" stroke-width=\"2\" stroke-linecap=\"round\" stroke-linejoin=\"round\" class=\"lucide lucide-square-check-big-icon lucide-square-check-big\"><path d=\"M21 10.656V19a2 2 0 0 1-2 2H5a2 2 0 0 1-2-2V5a2 2 0 0 1 2-2h12.344\"><\/path><path d=\"m9 11 3 3L22 4\"><\/path><\/svg>\t\t\t\t\t\t<\/span>\n\t\t\t\t\t\t\t\t\t\t<span class=\"elementor-icon-list-text\">Not\u00edcias sobre o evento<\/span>\n\t\t\t\t\t\t\t\t\t<\/li>\n\t\t\t\t\t\t\t\t<li class=\"elementor-icon-list-item\">\n\t\t\t\t\t\t\t\t\t\t\t<span class=\"elementor-icon-list-icon\">\n\t\t\t\t\t\t\t<svg xmlns=\"http:\/\/www.w3.org\/2000\/svg\" width=\"24\" height=\"24\" viewbox=\"0 0 24 24\" fill=\"none\" stroke=\"currentColor\" stroke-width=\"2\" stroke-linecap=\"round\" stroke-linejoin=\"round\" class=\"lucide lucide-square-check-big-icon lucide-square-check-big\"><path d=\"M21 10.656V19a2 2 0 0 1-2 2H5a2 2 0 0 1-2-2V5a2 2 0 0 1 2-2h12.344\"><\/path><path d=\"m9 11 3 3L22 4\"><\/path><\/svg>\t\t\t\t\t\t<\/span>\n\t\t\t\t\t\t\t\t\t\t<span class=\"elementor-icon-list-text\">Conte\u00fados relacionados ao mercado <\/span>\n\t\t\t\t\t\t\t\t\t<\/li>\n\t\t\t\t\t\t<\/ul>\n\t\t\t\t\t\t<\/div>\n\t\t\t\t<\/div>\n\t\t\t\t<\/div>\n\t\t<div class=\"elementor-element elementor-element-43ccb84b e-con-full card-glass-effect-2 e-flex e-con e-child\" data-id=\"43ccb84b\" data-element_type=\"container\" data-e-type=\"container\">\n\t\t\t\t<div class=\"elementor-element elementor-element-2971aa34 text-gradient elementor-widget elementor-widget-heading\" data-id=\"2971aa34\" data-element_type=\"widget\" data-e-type=\"widget\" data-widget_type=\"heading.default\">\n\t\t\t\t<div class=\"elementor-widget-container\">\n\t\t\t\t\t<h3 class=\"elementor-heading-title elementor-size-default\">Para informa\u00e7\u00f5es e solicita\u00e7\u00f5es de imprensa:<\/h3>\t\t\t\t<\/div>\n\t\t\t\t<\/div>\n\t\t\t\t<div class=\"elementor-element elementor-element-29cbb49 text-gradient elementor-widget elementor-widget-heading\" data-id=\"29cbb49\" data-element_type=\"widget\" data-e-type=\"widget\" data-widget_type=\"heading.default\">\n\t\t\t\t<div class=\"elementor-widget-container\">\n\t\t\t\t\t<h3 class=\"elementor-heading-title elementor-size-default\">Sim\u00f5es Neto<\/h3>\t\t\t\t<\/div>\n\t\t\t\t<\/div>\n\t\t\t\t<div class=\"elementor-element elementor-element-9f40904 elementor-position-inline-start elementor-mobile-position-inline-start elementor-view-default elementor-widget elementor-widget-icon-box\" data-id=\"9f40904\" data-element_type=\"widget\" data-e-type=\"widget\" data-widget_type=\"icon-box.default\">\n\t\t\t\t<div class=\"elementor-widget-container\">\n\t\t\t\t\t\t\t<div class=\"elementor-icon-box-wrapper\">\n\n\t\t\t\t\t\t<div class=\"elementor-icon-box-icon\">\n\t\t\t\t<a href=\"mailto:imprensaconstrucao@gmail.com\" target=\"_blank\" class=\"elementor-icon\" tabindex=\"-1\">\n\t\t\t\t<svg xmlns=\"http:\/\/www.w3.org\/2000\/svg\" width=\"24\" height=\"24\" viewbox=\"0 0 24 24\" fill=\"none\" stroke=\"currentColor\" stroke-width=\"2\" stroke-linecap=\"round\" stroke-linejoin=\"round\" class=\"lucide lucide-mail-icon lucide-mail\"><path d=\"m22 7-8.991 5.727a2 2 0 0 1-2.009 0L2 7\"><\/path><rect x=\"2\" y=\"4\" width=\"20\" height=\"16\" rx=\"2\"><\/rect><\/svg>\t\t\t\t<\/a>\n\t\t\t<\/div>\n\t\t\t\n\t\t\t\t\t\t<div class=\"elementor-icon-box-content\">\n\n\t\t\t\t\n\t\t\t\t\t\t\t\t\t<p class=\"elementor-icon-box-description\">\n\t\t\t\t\t\timprensaconstrucao@gmail.com\t\t\t\t\t<\/p>\n\t\t\t\t\n\t\t\t<\/div>\n\t\t\t\n\t\t<\/div>\n\t\t\t\t\t\t<\/div>\n\t\t\t\t<\/div>\n\t\t\t\t<\/div>\n\t\t\t\t<\/div>\n\t\t\t\t\t<\/div>\n\t\t\t\t<\/div>\n\t\t\t\t<\/div>","protected":false},"excerpt":{"rendered":"<p>Imprensa Distrito Anhembi 8 &#8211; 11 Set | 2027 Glass South America acompanha as principais discuss\u00f5es do setor e est\u00e1 presente nos ve\u00edculos especializados da ind\u00fastria. Nesta \u00e1rea, voc\u00ea encontra: Releases oficiais Not\u00edcias sobre o evento Conte\u00fados relacionados ao mercado Para informa\u00e7\u00f5es e solicita\u00e7\u00f5es de imprensa: Sim\u00f5es Neto imprensaconstrucao@gmail.com<\/p>","protected":false},"author":3,"featured_media":0,"parent":0,"menu_order":0,"comment_status":"closed","ping_status":"closed","template":"","meta":{"om_disable_all_campaigns":false,"_monsterinsights_skip_tracking":false,"_monsterinsights_sitenote_active":false,"_monsterinsights_sitenote_note":"","_monsterinsights_sitenote_category":0,"footnotes":""},"class_list":["post-5887","page","type-page","status-publish","hentry"],"yoast_head":"<!-- This site is optimized with the Yoast SEO plugin v27.5 - https:\/\/yoast.com\/product\/yoast-seo-wordpress\/ -->\n<title>Imprensa - Glass Expo<\/title>\n<meta name=\"robots\" content=\"noindex, follow, max-snippet:-1, max-image-preview:large, max-video-preview:-1\" \/>\n<meta property=\"og:locale\" content=\"es_ES\" \/>\n<meta property=\"og:type\" content=\"article\" \/>\n<meta property=\"og:title\" content=\"Imprensa - Glass Expo\" \/>\n<meta property=\"og:description\" content=\"Imprensa Distrito Anhembi 8 &#8211; 11 Set | 2027 Glass South America acompanha as principais discuss\u00f5es do setor e est\u00e1 presente nos ve\u00edculos especializados da ind\u00fastria. Nesta \u00e1rea, voc\u00ea encontra: Releases oficiais Not\u00edcias sobre o evento Conte\u00fados relacionados ao mercado Para informa\u00e7\u00f5es e solicita\u00e7\u00f5es de imprensa: Sim\u00f5es Neto imprensaconstrucao@gmail.com\" \/>\n<meta property=\"og:url\" content=\"https:\/\/home.glassexpo.com.br\/es\/imprensa\/\" \/>\n<meta property=\"og:site_name\" content=\"Glass Expo\" \/>\n<meta property=\"article:modified_time\" content=\"2026-05-07T17:39:20+00:00\" \/>\n<meta name=\"twitter:card\" content=\"summary_large_image\" \/>\n<meta name=\"twitter:label1\" content=\"Tiempo de lectura\" \/>\n\t<meta name=\"twitter:data1\" content=\"1 minuto\" \/>\n<script type=\"application\/ld+json\" class=\"yoast-schema-graph\">{\"@context\":\"https:\\\/\\\/schema.org\",\"@graph\":[{\"@type\":\"WebPage\",\"@id\":\"https:\\\/\\\/home.glassexpo.com.br\\\/imprensa\\\/\",\"url\":\"https:\\\/\\\/home.glassexpo.com.br\\\/imprensa\\\/\",\"name\":\"Imprensa - Glass Expo\",\"isPartOf\":{\"@id\":\"https:\\\/\\\/home.glassexpo.com.br\\\/#website\"},\"datePublished\":\"2026-05-07T17:19:06+00:00\",\"dateModified\":\"2026-05-07T17:39:20+00:00\",\"breadcrumb\":{\"@id\":\"https:\\\/\\\/home.glassexpo.com.br\\\/imprensa\\\/#breadcrumb\"},\"inLanguage\":\"es\",\"potentialAction\":[{\"@type\":\"ReadAction\",\"target\":[\"https:\\\/\\\/home.glassexpo.com.br\\\/imprensa\\\/\"]}]},{\"@type\":\"BreadcrumbList\",\"@id\":\"https:\\\/\\\/home.glassexpo.com.br\\\/imprensa\\\/#breadcrumb\",\"itemListElement\":[{\"@type\":\"ListItem\",\"position\":1,\"name\":\"In\u00edcio\",\"item\":\"https:\\\/\\\/home.glassexpo.com.br\\\/\"},{\"@type\":\"ListItem\",\"position\":2,\"name\":\"Imprensa\"}]},{\"@type\":\"WebSite\",\"@id\":\"https:\\\/\\\/home.glassexpo.com.br\\\/#website\",\"url\":\"https:\\\/\\\/home.glassexpo.com.br\\\/\",\"name\":\"Glass South America\",\"description\":\"South America\",\"publisher\":{\"@id\":\"https:\\\/\\\/home.glassexpo.com.br\\\/#organization\"},\"potentialAction\":[{\"@type\":\"SearchAction\",\"target\":{\"@type\":\"EntryPoint\",\"urlTemplate\":\"https:\\\/\\\/home.glassexpo.com.br\\\/?s={search_term_string}\"},\"query-input\":{\"@type\":\"PropertyValueSpecification\",\"valueRequired\":true,\"valueName\":\"search_term_string\"}}],\"inLanguage\":\"es\"},{\"@type\":\"Organization\",\"@id\":\"https:\\\/\\\/home.glassexpo.com.br\\\/#organization\",\"name\":\"Glass South America\",\"url\":\"https:\\\/\\\/home.glassexpo.com.br\\\/\",\"logo\":{\"@type\":\"ImageObject\",\"inLanguage\":\"es\",\"@id\":\"https:\\\/\\\/home.glassexpo.com.br\\\/#\\\/schema\\\/logo\\\/image\\\/\",\"url\":\"https:\\\/\\\/home.glassexpo.com.br\\\/wp-content\\\/uploads\\\/2023\\\/05\\\/Ativo-111@3x.png\",\"contentUrl\":\"https:\\\/\\\/home.glassexpo.com.br\\\/wp-content\\\/uploads\\\/2023\\\/05\\\/Ativo-111@3x.png\",\"width\":2358,\"height\":2358,\"caption\":\"Glass South America\"},\"image\":{\"@id\":\"https:\\\/\\\/home.glassexpo.com.br\\\/#\\\/schema\\\/logo\\\/image\\\/\"}}]}<\/script>\n<!-- \/ Yoast SEO plugin. -->","yoast_head_json":{"title":"Imprensa - Glass Expo","robots":{"index":"noindex","follow":"follow","max-snippet":"max-snippet:-1","max-image-preview":"max-image-preview:large","max-video-preview":"max-video-preview:-1"},"og_locale":"es_ES","og_type":"article","og_title":"Imprensa - Glass Expo","og_description":"Imprensa Distrito Anhembi 8 &#8211; 11 Set | 2027 Glass South America acompanha as principais discuss\u00f5es do setor e est\u00e1 presente nos ve\u00edculos especializados da ind\u00fastria. Nesta \u00e1rea, voc\u00ea encontra: Releases oficiais Not\u00edcias sobre o evento Conte\u00fados relacionados ao mercado Para informa\u00e7\u00f5es e solicita\u00e7\u00f5es de imprensa: Sim\u00f5es Neto imprensaconstrucao@gmail.com","og_url":"https:\/\/home.glassexpo.com.br\/es\/imprensa\/","og_site_name":"Glass Expo","article_modified_time":"2026-05-07T17:39:20+00:00","twitter_card":"summary_large_image","twitter_misc":{"Tiempo de lectura":"1 minuto"},"schema":{"@context":"https:\/\/schema.org","@graph":[{"@type":"WebPage","@id":"https:\/\/home.glassexpo.com.br\/imprensa\/","url":"https:\/\/home.glassexpo.com.br\/imprensa\/","name":"Imprensa - Glass Expo","isPartOf":{"@id":"https:\/\/home.glassexpo.com.br\/#website"},"datePublished":"2026-05-07T17:19:06+00:00","dateModified":"2026-05-07T17:39:20+00:00","breadcrumb":{"@id":"https:\/\/home.glassexpo.com.br\/imprensa\/#breadcrumb"},"inLanguage":"es","potentialAction":[{"@type":"ReadAction","target":["https:\/\/home.glassexpo.com.br\/imprensa\/"]}]},{"@type":"BreadcrumbList","@id":"https:\/\/home.glassexpo.com.br\/imprensa\/#breadcrumb","itemListElement":[{"@type":"ListItem","position":1,"name":"In\u00edcio","item":"https:\/\/home.glassexpo.com.br\/"},{"@type":"ListItem","position":2,"name":"Imprensa"}]},{"@type":"WebSite","@id":"https:\/\/home.glassexpo.com.br\/#website","url":"https:\/\/home.glassexpo.com.br\/","name":"Glass South America","description":"South America","publisher":{"@id":"https:\/\/home.glassexpo.com.br\/#organization"},"potentialAction":[{"@type":"SearchAction","target":{"@type":"EntryPoint","urlTemplate":"https:\/\/home.glassexpo.com.br\/?s={search_term_string}"},"query-input":{"@type":"PropertyValueSpecification","valueRequired":true,"valueName":"search_term_string"}}],"inLanguage":"es"},{"@type":"Organization","@id":"https:\/\/home.glassexpo.com.br\/#organization","name":"Glass South America","url":"https:\/\/home.glassexpo.com.br\/","logo":{"@type":"ImageObject","inLanguage":"es","@id":"https:\/\/home.glassexpo.com.br\/#\/schema\/logo\/image\/","url":"https:\/\/home.glassexpo.com.br\/wp-content\/uploads\/2023\/05\/Ativo-111@3x.png","contentUrl":"https:\/\/home.glassexpo.com.br\/wp-content\/uploads\/2023\/05\/Ativo-111@3x.png","width":2358,"height":2358,"caption":"Glass South America"},"image":{"@id":"https:\/\/home.glassexpo.com.br\/#\/schema\/logo\/image\/"}}]}},"jetpack_sharing_enabled":true,"_links":{"self":[{"href":"https:\/\/home.glassexpo.com.br\/es\/wp-json\/wp\/v2\/pages\/5887","targetHints":{"allow":["GET"]}}],"collection":[{"href":"https:\/\/home.glassexpo.com.br\/es\/wp-json\/wp\/v2\/pages"}],"about":[{"href":"https:\/\/home.glassexpo.com.br\/es\/wp-json\/wp\/v2\/types\/page"}],"author":[{"embeddable":true,"href":"https:\/\/home.glassexpo.com.br\/es\/wp-json\/wp\/v2\/users\/3"}],"replies":[{"embeddable":true,"href":"https:\/\/home.glassexpo.com.br\/es\/wp-json\/wp\/v2\/comments?post=5887"}],"version-history":[{"count":7,"href":"https:\/\/home.glassexpo.com.br\/es\/wp-json\/wp\/v2\/pages\/5887\/revisions"}],"predecessor-version":[{"id":5903,"href":"https:\/\/home.glassexpo.com.br\/es\/wp-json\/wp\/v2\/pages\/5887\/revisions\/5903"}],"wp:attachment":[{"href":"https:\/\/home.glassexpo.com.br\/es\/wp-json\/wp\/v2\/media?parent=5887"}],"curies":[{"name":"wp","href":"https:\/\/api.w.org\/{rel}","templated":true}]}}