{"id":588,"date":"2023-12-07T08:28:02","date_gmt":"2023-12-07T11:28:02","guid":{"rendered":"https:\/\/home.glassexpo.com.br\/?page_id=588"},"modified":"2023-12-08T11:06:06","modified_gmt":"2023-12-08T14:06:06","slug":"atracoes","status":"publish","type":"page","link":"https:\/\/home.glassexpo.com.br\/es\/atracoes\/","title":{"rendered":"Atra\u00e7\u00f5es"},"content":{"rendered":"<div data-elementor-type=\"wp-post\" data-elementor-id=\"588\" class=\"elementor elementor-588\">\n\t\t\t\t\t\t<section class=\"elementor-section elementor-top-section elementor-element elementor-element-69505fb1 elementor-section-height-min-height elementor-section-boxed elementor-section-height-default elementor-section-items-middle\" data-id=\"69505fb1\" data-element_type=\"section\" data-e-type=\"section\" data-settings=\"{&quot;background_background&quot;:&quot;classic&quot;}\">\n\t\t\t\t\t\t\t<div class=\"elementor-background-overlay\"><\/div>\n\t\t\t\t\t\t\t<div class=\"elementor-container elementor-column-gap-default\">\n\t\t\t\t\t<div class=\"elementor-column elementor-col-100 elementor-top-column elementor-element elementor-element-77b12c5a\" data-id=\"77b12c5a\" data-element_type=\"column\" data-e-type=\"column\">\n\t\t\t<div class=\"elementor-widget-wrap elementor-element-populated\">\n\t\t\t\t<div class=\"elementor-element elementor-element-9dd7295 e-flex e-con-boxed e-con e-parent\" data-id=\"9dd7295\" data-element_type=\"container\" data-e-type=\"container\">\n\t\t\t\t\t<div class=\"e-con-inner\">\n\t\t\t\t<div class=\"elementor-element elementor-element-93fdf8e elementor-widget elementor-widget-heading\" data-id=\"93fdf8e\" data-element_type=\"widget\" data-e-type=\"widget\" data-widget_type=\"heading.default\">\n\t\t\t\t<div class=\"elementor-widget-container\">\n\t\t\t\t\t<h2 class=\"elementor-heading-title elementor-size-default\">ATRA\u00c7\u00d5ES<\/h2>\t\t\t\t<\/div>\n\t\t\t\t<\/div>\n\t\t\t\t\t<\/div>\n\t\t\t\t<\/div>\n\t\t\t\t<div class=\"elementor-element elementor-element-bab868c elementor-widget elementor-widget-html\" data-id=\"bab868c\" data-element_type=\"widget\" data-e-type=\"widget\" data-widget_type=\"html.default\">\n\t\t\t\t<div class=\"elementor-widget-container\">\n\t\t\t\t\t<!-- Google tag (gtag.js) -->\n<script async src=\"https:\/\/www.googletagmanager.com\/gtag\/js?id=G-JDVB2J80JR\"><\/script>\n<script>\n  window.dataLayer = window.dataLayer || [];\n  function gtag(){dataLayer.push(arguments);}\n  gtag('js', new Date());\n\n  gtag('config', 'G-JDVB2J80JR');\n<\/script>\t\t\t\t<\/div>\n\t\t\t\t<\/div>\n\t\t\t\t\t<\/div>\n\t\t<\/div>\n\t\t\t\t\t<\/div>\n\t\t<\/section>\n\t\t<div class=\"elementor-element elementor-element-97c768f e-grid e-con-boxed e-con e-parent\" data-id=\"97c768f\" data-element_type=\"container\" data-e-type=\"container\">\n\t\t\t\t\t<div class=\"e-con-inner\">\n\t\t<div class=\"elementor-element elementor-element-f440232 e-flex e-con-boxed e-con e-child\" data-id=\"f440232\" data-element_type=\"container\" data-e-type=\"container\">\n\t\t\t\t\t<div class=\"e-con-inner\">\n\t\t\t\t<div class=\"elementor-element elementor-element-a3b608b elementor-widget elementor-widget-image\" data-id=\"a3b608b\" data-element_type=\"widget\" data-e-type=\"widget\" data-widget_type=\"image.default\">\n\t\t\t\t<div class=\"elementor-widget-container\">\n\t\t\t\t\t\t\t\t\t\t\t\t\t\t\t<img fetchpriority=\"high\" decoding=\"async\" width=\"701\" height=\"1024\" src=\"https:\/\/i0.wp.com\/home.glassexpo.com.br\/wp-content\/uploads\/2023\/05\/Vidro-em-Acao-scaled-e1685026411360.jpg?fit=701%2C1024&amp;ssl=1\" class=\"attachment-large size-large wp-image-256\" alt=\"\" srcset=\"https:\/\/i0.wp.com\/home.glassexpo.com.br\/wp-content\/uploads\/2023\/05\/Vidro-em-Acao-scaled-e1685026411360.jpg?w=819&amp;ssl=1 819w, https:\/\/i0.wp.com\/home.glassexpo.com.br\/wp-content\/uploads\/2023\/05\/Vidro-em-Acao-scaled-e1685026411360.jpg?resize=205%2C300&amp;ssl=1 205w, https:\/\/i0.wp.com\/home.glassexpo.com.br\/wp-content\/uploads\/2023\/05\/Vidro-em-Acao-scaled-e1685026411360.jpg?resize=701%2C1024&amp;ssl=1 701w, https:\/\/i0.wp.com\/home.glassexpo.com.br\/wp-content\/uploads\/2023\/05\/Vidro-em-Acao-scaled-e1685026411360.jpg?resize=768%2C1122&amp;ssl=1 768w\" sizes=\"(max-width: 701px) 100vw, 701px\" \/>\t\t\t\t\t\t\t\t\t\t\t\t\t\t\t<\/div>\n\t\t\t\t<\/div>\n\t\t\t\t<div class=\"elementor-element elementor-element-5097083 elementor-widget elementor-widget-text-editor\" data-id=\"5097083\" data-element_type=\"widget\" data-e-type=\"widget\" data-widget_type=\"text-editor.default\">\n\t\t\t\t<div class=\"elementor-widget-container\">\n\t\t\t\t\t\t\t\t\t<p>O espa\u00e7o Vidro em A\u00e7\u00e3o, iniciativa da Abravidro e N\u00fcrnbergMesse Brasil, ficou famoso na Glass South America por apresentar, desde a edi\u00e7\u00e3o de 2016, ensaios e testes da seguran\u00e7a e resist\u00eancia do vidro durante os dias da feira.<\/p>\t\t\t\t\t\t\t\t<\/div>\n\t\t\t\t<\/div>\n\t\t\t\t\t<\/div>\n\t\t\t\t<\/div>\n\t\t<div class=\"elementor-element elementor-element-814fb21 e-flex e-con-boxed e-con e-child\" data-id=\"814fb21\" data-element_type=\"container\" data-e-type=\"container\">\n\t\t\t\t\t<div class=\"e-con-inner\">\n\t\t\t\t<div class=\"elementor-element elementor-element-c1ba379 elementor-widget elementor-widget-image\" data-id=\"c1ba379\" data-element_type=\"widget\" data-e-type=\"widget\" data-widget_type=\"image.default\">\n\t\t\t\t<div class=\"elementor-widget-container\">\n\t\t\t\t\t\t\t\t\t\t\t\t\t\t\t<img decoding=\"async\" width=\"797\" height=\"200\" src=\"https:\/\/i0.wp.com\/home.glassexpo.com.br\/wp-content\/uploads\/2023\/05\/Logo_OfficeConnection_1.png?fit=797%2C200&amp;ssl=1\" class=\"attachment-large size-large wp-image-581\" alt=\"\" srcset=\"https:\/\/i0.wp.com\/home.glassexpo.com.br\/wp-content\/uploads\/2023\/05\/Logo_OfficeConnection_1.png?w=797&amp;ssl=1 797w, https:\/\/i0.wp.com\/home.glassexpo.com.br\/wp-content\/uploads\/2023\/05\/Logo_OfficeConnection_1.png?resize=300%2C75&amp;ssl=1 300w, https:\/\/i0.wp.com\/home.glassexpo.com.br\/wp-content\/uploads\/2023\/05\/Logo_OfficeConnection_1.png?resize=768%2C193&amp;ssl=1 768w, https:\/\/i0.wp.com\/home.glassexpo.com.br\/wp-content\/uploads\/2023\/05\/Logo_OfficeConnection_1.png?resize=600%2C151&amp;ssl=1 600w\" sizes=\"(max-width: 797px) 100vw, 797px\" \/>\t\t\t\t\t\t\t\t\t\t\t\t\t\t\t<\/div>\n\t\t\t\t<\/div>\n\t\t\t\t<div class=\"elementor-element elementor-element-8b386af elementor-widget elementor-widget-heading\" data-id=\"8b386af\" data-element_type=\"widget\" data-e-type=\"widget\" data-widget_type=\"heading.default\">\n\t\t\t\t<div class=\"elementor-widget-container\">\n\t\t\t\t\t<h2 class=\"elementor-heading-title elementor-size-default\">Explorando o Futuro do Mobili\u00e1rio Corporativo by Office Connection<\/h2>\t\t\t\t<\/div>\n\t\t\t\t<\/div>\n\t\t\t\t<div class=\"elementor-element elementor-element-46bd320 elementor-widget elementor-widget-text-editor\" data-id=\"46bd320\" data-element_type=\"widget\" data-e-type=\"widget\" data-widget_type=\"text-editor.default\">\n\t\t\t\t<div class=\"elementor-widget-container\">\n\t\t\t\t\t\t\t\t\t<p>A Mostra Office 2024 \u00e9 o lugar onde as ideias se tornam realidade, onde voc\u00ea pode ver, tocar e experimentar as inova\u00e7\u00f5es que est\u00e3o redefinindo os espa\u00e7os de trabalho. Este evento \u00e9 uma oportunidade \u00fanica para obter uma vis\u00e3o privilegiada do futuro do mobili\u00e1rio corporativo e se inspirar para criar ambientes de trabalho funcionais e produtivos.<\/p>\t\t\t\t\t\t\t\t<\/div>\n\t\t\t\t<\/div>\n\t\t\t\t\t<\/div>\n\t\t\t\t<\/div>\n\t\t<div class=\"elementor-element elementor-element-5cd824f e-flex e-con-boxed e-con e-child\" data-id=\"5cd824f\" data-element_type=\"container\" data-e-type=\"container\">\n\t\t\t\t\t<div class=\"e-con-inner\">\n\t\t\t\t<div class=\"elementor-element elementor-element-dfd57d3 elementor-widget elementor-widget-image\" data-id=\"dfd57d3\" data-element_type=\"widget\" data-e-type=\"widget\" data-widget_type=\"image.default\">\n\t\t\t\t<div class=\"elementor-widget-container\">\n\t\t\t\t\t\t\t\t\t\t\t\t\t\t\t<img decoding=\"async\" width=\"390\" height=\"202\" src=\"https:\/\/i0.wp.com\/home.glassexpo.com.br\/wp-content\/uploads\/2023\/05\/Logo_Expo_2024-e1701370740359.png?fit=390%2C202&amp;ssl=1\" class=\"attachment-large size-large wp-image-582\" alt=\"\" srcset=\"https:\/\/i0.wp.com\/home.glassexpo.com.br\/wp-content\/uploads\/2023\/05\/Logo_Expo_2024-e1701370740359.png?w=390&amp;ssl=1 390w, https:\/\/i0.wp.com\/home.glassexpo.com.br\/wp-content\/uploads\/2023\/05\/Logo_Expo_2024-e1701370740359.png?resize=300%2C155&amp;ssl=1 300w\" sizes=\"(max-width: 390px) 100vw, 390px\" \/>\t\t\t\t\t\t\t\t\t\t\t\t\t\t\t<\/div>\n\t\t\t\t<\/div>\n\t\t\t\t<div class=\"elementor-element elementor-element-06fa270 elementor-widget elementor-widget-text-editor\" data-id=\"06fa270\" data-element_type=\"widget\" data-e-type=\"widget\" data-widget_type=\"text-editor.default\">\n\t\t\t\t<div class=\"elementor-widget-container\">\n\t\t\t\t\t\t\t\t\t<p>Mostra Constru\u00e7\u00e3o Modular Offsite da Am\u00e9rica Latina A Expo Constru\u00e7\u00e3o Offsite \u00e9 o evento refer\u00eancia para profissionais do mercado nacional da constru\u00e7\u00e3o modular offsite focado em fomentar as principais tecnologias, produtos, m\u00e9todos e processos de produ\u00e7\u00e3o offsite e em gerar oportunidades, relacionamento, inova\u00e7\u00e3o, conte\u00fado, crescimento de neg\u00f3cios e fortalecimento do segmento e da ind\u00fastria.<\/p>\t\t\t\t\t\t\t\t<\/div>\n\t\t\t\t<\/div>\n\t\t\t\t\t<\/div>\n\t\t\t\t<\/div>\n\t\t<div class=\"elementor-element elementor-element-a8bdaa1 e-flex e-con-boxed e-con e-child\" data-id=\"a8bdaa1\" data-element_type=\"container\" data-e-type=\"container\">\n\t\t\t\t\t<div class=\"e-con-inner\">\n\t\t\t\t<div class=\"elementor-element elementor-element-3800fa8 elementor-widget elementor-widget-heading\" data-id=\"3800fa8\" data-element_type=\"widget\" data-e-type=\"widget\" data-widget_type=\"heading.default\">\n\t\t\t\t<div class=\"elementor-widget-container\">\n\t\t\t\t\t<h2 class=\"elementor-heading-title elementor-size-default\">ARENA DE CONTE\u00daDO<\/h2>\t\t\t\t<\/div>\n\t\t\t\t<\/div>\n\t\t\t\t<div class=\"elementor-element elementor-element-9713709 elementor-widget elementor-widget-text-editor\" data-id=\"9713709\" data-element_type=\"widget\" data-e-type=\"widget\" data-widget_type=\"text-editor.default\">\n\t\t\t\t<div class=\"elementor-widget-container\">\n\t\t\t\t\t\t\t\t\t<p>Com curadoria do Architecture Hunter, um dos maiores hubs digitais de arquitetura do mundo, a Arena de Conte\u00fado oferecer\u00e1 uma maratona de conte\u00fado em arenas projetadas recebendo in\u00fameros temas simult\u00e2neos, conduzidos por grandes nomes nacionais e internacionais das \u00e1reas de arquitetura, design e do universo de vidros e esquadrias.<\/p>\t\t\t\t\t\t\t\t<\/div>\n\t\t\t\t<\/div>\n\t\t\t\t\t<\/div>\n\t\t\t\t<\/div>\n\t\t\t\t\t<\/div>\n\t\t\t\t<\/div>\n\t\t\t\t<\/div>","protected":false},"excerpt":{"rendered":"<p>ATRA\u00c7\u00d5ES O espa\u00e7o Vidro em A\u00e7\u00e3o, iniciativa da Abravidro e N\u00fcrnbergMesse Brasil, ficou famoso na Glass South America por apresentar, desde a edi\u00e7\u00e3o de 2016, ensaios e testes da seguran\u00e7a e resist\u00eancia do vidro durante os dias da feira. Explorando o Futuro do Mobili\u00e1rio Corporativo by Office Connection A Mostra Office 2024 \u00e9 o lugar [&hellip;]<\/p>\n","protected":false},"author":1,"featured_media":330,"parent":0,"menu_order":0,"comment_status":"closed","ping_status":"closed","template":"","meta":{"om_disable_all_campaigns":false,"_monsterinsights_skip_tracking":false,"_monsterinsights_sitenote_active":false,"_monsterinsights_sitenote_note":"","_monsterinsights_sitenote_category":0,"footnotes":""},"class_list":["post-588","page","type-page","status-publish","has-post-thumbnail","hentry"],"yoast_head":"<!-- This site is optimized with the Yoast SEO plugin v27.6 - https:\/\/yoast.com\/product\/yoast-seo-wordpress\/ -->\n<title>Glass South America - 12 - 15 de JUNHO 2024<\/title>\n<meta name=\"description\" content=\"A Glass South America \u00e9 a maior feira do setor vidreiro na Am\u00e9rica Latina\" \/>\n<meta name=\"robots\" content=\"noindex, follow, max-snippet:-1, max-image-preview:large, max-video-preview:-1\" \/>\n<meta property=\"og:locale\" content=\"es_ES\" \/>\n<meta property=\"og:type\" content=\"article\" \/>\n<meta property=\"og:title\" content=\"Glass South America - 12 - 15 de JUNHO 2024\" \/>\n<meta property=\"og:description\" content=\"A Glass South America \u00e9 a maior feira do setor vidreiro na Am\u00e9rica Latina\" \/>\n<meta property=\"og:url\" content=\"https:\/\/home.glassexpo.com.br\/es\/atracoes\/\" \/>\n<meta property=\"og:site_name\" content=\"Glass Expo\" \/>\n<meta property=\"article:modified_time\" content=\"2023-12-08T14:06:06+00:00\" \/>\n<meta property=\"og:image\" content=\"https:\/\/home.glassexpo.com.br\/wp-content\/uploads\/2023\/05\/cropped-Ativo-111@3x.png\" \/>\n\t<meta property=\"og:image:width\" content=\"512\" \/>\n\t<meta property=\"og:image:height\" content=\"512\" \/>\n\t<meta property=\"og:image:type\" content=\"image\/png\" \/>\n<meta name=\"twitter:card\" content=\"summary_large_image\" \/>\n<meta name=\"twitter:label1\" content=\"Tiempo de lectura\" \/>\n\t<meta name=\"twitter:data1\" content=\"2 minutos\" \/>\n<script type=\"application\/ld+json\" class=\"yoast-schema-graph\">{\"@context\":\"https:\\\/\\\/schema.org\",\"@graph\":[{\"@type\":\"WebPage\",\"@id\":\"https:\\\/\\\/home.glassexpo.com.br\\\/atracoes\\\/\",\"url\":\"https:\\\/\\\/home.glassexpo.com.br\\\/atracoes\\\/\",\"name\":\"Glass South America - 12 - 15 de JUNHO 2024\",\"isPartOf\":{\"@id\":\"https:\\\/\\\/home.glassexpo.com.br\\\/#website\"},\"primaryImageOfPage\":{\"@id\":\"https:\\\/\\\/home.glassexpo.com.br\\\/atracoes\\\/#primaryimage\"},\"image\":{\"@id\":\"https:\\\/\\\/home.glassexpo.com.br\\\/atracoes\\\/#primaryimage\"},\"thumbnailUrl\":\"https:\\\/\\\/i0.wp.com\\\/home.glassexpo.com.br\\\/wp-content\\\/uploads\\\/2023\\\/05\\\/cropped-Ativo-111%403x.png?fit=512%2C512&ssl=1\",\"datePublished\":\"2023-12-07T11:28:02+00:00\",\"dateModified\":\"2023-12-08T14:06:06+00:00\",\"description\":\"A Glass South America \u00e9 a maior feira do setor vidreiro na Am\u00e9rica Latina\",\"breadcrumb\":{\"@id\":\"https:\\\/\\\/home.glassexpo.com.br\\\/atracoes\\\/#breadcrumb\"},\"inLanguage\":\"es\",\"potentialAction\":[{\"@type\":\"ReadAction\",\"target\":[\"https:\\\/\\\/home.glassexpo.com.br\\\/atracoes\\\/\"]}]},{\"@type\":\"ImageObject\",\"inLanguage\":\"es\",\"@id\":\"https:\\\/\\\/home.glassexpo.com.br\\\/atracoes\\\/#primaryimage\",\"url\":\"https:\\\/\\\/i0.wp.com\\\/home.glassexpo.com.br\\\/wp-content\\\/uploads\\\/2023\\\/05\\\/cropped-Ativo-111%403x.png?fit=512%2C512&ssl=1\",\"contentUrl\":\"https:\\\/\\\/i0.wp.com\\\/home.glassexpo.com.br\\\/wp-content\\\/uploads\\\/2023\\\/05\\\/cropped-Ativo-111%403x.png?fit=512%2C512&ssl=1\",\"width\":512,\"height\":512},{\"@type\":\"BreadcrumbList\",\"@id\":\"https:\\\/\\\/home.glassexpo.com.br\\\/atracoes\\\/#breadcrumb\",\"itemListElement\":[{\"@type\":\"ListItem\",\"position\":1,\"name\":\"In\u00edcio\",\"item\":\"https:\\\/\\\/home.glassexpo.com.br\\\/\"},{\"@type\":\"ListItem\",\"position\":2,\"name\":\"Atra\u00e7\u00f5es\"}]},{\"@type\":\"WebSite\",\"@id\":\"https:\\\/\\\/home.glassexpo.com.br\\\/#website\",\"url\":\"https:\\\/\\\/home.glassexpo.com.br\\\/\",\"name\":\"Glass South America\",\"description\":\"South America\",\"publisher\":{\"@id\":\"https:\\\/\\\/home.glassexpo.com.br\\\/#organization\"},\"potentialAction\":[{\"@type\":\"SearchAction\",\"target\":{\"@type\":\"EntryPoint\",\"urlTemplate\":\"https:\\\/\\\/home.glassexpo.com.br\\\/?s={search_term_string}\"},\"query-input\":{\"@type\":\"PropertyValueSpecification\",\"valueRequired\":true,\"valueName\":\"search_term_string\"}}],\"inLanguage\":\"es\"},{\"@type\":\"Organization\",\"@id\":\"https:\\\/\\\/home.glassexpo.com.br\\\/#organization\",\"name\":\"Glass South America\",\"url\":\"https:\\\/\\\/home.glassexpo.com.br\\\/\",\"logo\":{\"@type\":\"ImageObject\",\"inLanguage\":\"es\",\"@id\":\"https:\\\/\\\/home.glassexpo.com.br\\\/#\\\/schema\\\/logo\\\/image\\\/\",\"url\":\"https:\\\/\\\/home.glassexpo.com.br\\\/wp-content\\\/uploads\\\/2023\\\/05\\\/Ativo-111@3x.png\",\"contentUrl\":\"https:\\\/\\\/home.glassexpo.com.br\\\/wp-content\\\/uploads\\\/2023\\\/05\\\/Ativo-111@3x.png\",\"width\":2358,\"height\":2358,\"caption\":\"Glass South America\"},\"image\":{\"@id\":\"https:\\\/\\\/home.glassexpo.com.br\\\/#\\\/schema\\\/logo\\\/image\\\/\"}}]}<\/script>\n<!-- \/ Yoast SEO plugin. -->","yoast_head_json":{"title":"Glass South America - 12 - 15 de JUNHO 2024","description":"A Glass South America \u00e9 a maior feira do setor vidreiro na Am\u00e9rica Latina","robots":{"index":"noindex","follow":"follow","max-snippet":"max-snippet:-1","max-image-preview":"max-image-preview:large","max-video-preview":"max-video-preview:-1"},"og_locale":"es_ES","og_type":"article","og_title":"Glass South America - 12 - 15 de JUNHO 2024","og_description":"A Glass South America \u00e9 a maior feira do setor vidreiro na Am\u00e9rica Latina","og_url":"https:\/\/home.glassexpo.com.br\/es\/atracoes\/","og_site_name":"Glass Expo","article_modified_time":"2023-12-08T14:06:06+00:00","og_image":[{"width":512,"height":512,"url":"https:\/\/home.glassexpo.com.br\/wp-content\/uploads\/2023\/05\/cropped-Ativo-111@3x.png","type":"image\/png"}],"twitter_card":"summary_large_image","twitter_misc":{"Tiempo de lectura":"2 minutos"},"schema":{"@context":"https:\/\/schema.org","@graph":[{"@type":"WebPage","@id":"https:\/\/home.glassexpo.com.br\/atracoes\/","url":"https:\/\/home.glassexpo.com.br\/atracoes\/","name":"Glass South America - 12 - 15 de JUNHO 2024","isPartOf":{"@id":"https:\/\/home.glassexpo.com.br\/#website"},"primaryImageOfPage":{"@id":"https:\/\/home.glassexpo.com.br\/atracoes\/#primaryimage"},"image":{"@id":"https:\/\/home.glassexpo.com.br\/atracoes\/#primaryimage"},"thumbnailUrl":"https:\/\/i0.wp.com\/home.glassexpo.com.br\/wp-content\/uploads\/2023\/05\/cropped-Ativo-111%403x.png?fit=512%2C512&ssl=1","datePublished":"2023-12-07T11:28:02+00:00","dateModified":"2023-12-08T14:06:06+00:00","description":"A Glass South America \u00e9 a maior feira do setor vidreiro na Am\u00e9rica Latina","breadcrumb":{"@id":"https:\/\/home.glassexpo.com.br\/atracoes\/#breadcrumb"},"inLanguage":"es","potentialAction":[{"@type":"ReadAction","target":["https:\/\/home.glassexpo.com.br\/atracoes\/"]}]},{"@type":"ImageObject","inLanguage":"es","@id":"https:\/\/home.glassexpo.com.br\/atracoes\/#primaryimage","url":"https:\/\/i0.wp.com\/home.glassexpo.com.br\/wp-content\/uploads\/2023\/05\/cropped-Ativo-111%403x.png?fit=512%2C512&ssl=1","contentUrl":"https:\/\/i0.wp.com\/home.glassexpo.com.br\/wp-content\/uploads\/2023\/05\/cropped-Ativo-111%403x.png?fit=512%2C512&ssl=1","width":512,"height":512},{"@type":"BreadcrumbList","@id":"https:\/\/home.glassexpo.com.br\/atracoes\/#breadcrumb","itemListElement":[{"@type":"ListItem","position":1,"name":"In\u00edcio","item":"https:\/\/home.glassexpo.com.br\/"},{"@type":"ListItem","position":2,"name":"Atra\u00e7\u00f5es"}]},{"@type":"WebSite","@id":"https:\/\/home.glassexpo.com.br\/#website","url":"https:\/\/home.glassexpo.com.br\/","name":"Glass South America","description":"South America","publisher":{"@id":"https:\/\/home.glassexpo.com.br\/#organization"},"potentialAction":[{"@type":"SearchAction","target":{"@type":"EntryPoint","urlTemplate":"https:\/\/home.glassexpo.com.br\/?s={search_term_string}"},"query-input":{"@type":"PropertyValueSpecification","valueRequired":true,"valueName":"search_term_string"}}],"inLanguage":"es"},{"@type":"Organization","@id":"https:\/\/home.glassexpo.com.br\/#organization","name":"Glass South America","url":"https:\/\/home.glassexpo.com.br\/","logo":{"@type":"ImageObject","inLanguage":"es","@id":"https:\/\/home.glassexpo.com.br\/#\/schema\/logo\/image\/","url":"https:\/\/home.glassexpo.com.br\/wp-content\/uploads\/2023\/05\/Ativo-111@3x.png","contentUrl":"https:\/\/home.glassexpo.com.br\/wp-content\/uploads\/2023\/05\/Ativo-111@3x.png","width":2358,"height":2358,"caption":"Glass South America"},"image":{"@id":"https:\/\/home.glassexpo.com.br\/#\/schema\/logo\/image\/"}}]}},"jetpack_sharing_enabled":true,"_links":{"self":[{"href":"https:\/\/home.glassexpo.com.br\/es\/wp-json\/wp\/v2\/pages\/588","targetHints":{"allow":["GET"]}}],"collection":[{"href":"https:\/\/home.glassexpo.com.br\/es\/wp-json\/wp\/v2\/pages"}],"about":[{"href":"https:\/\/home.glassexpo.com.br\/es\/wp-json\/wp\/v2\/types\/page"}],"author":[{"embeddable":true,"href":"https:\/\/home.glassexpo.com.br\/es\/wp-json\/wp\/v2\/users\/1"}],"replies":[{"embeddable":true,"href":"https:\/\/home.glassexpo.com.br\/es\/wp-json\/wp\/v2\/comments?post=588"}],"version-history":[{"count":0,"href":"https:\/\/home.glassexpo.com.br\/es\/wp-json\/wp\/v2\/pages\/588\/revisions"}],"wp:featuredmedia":[{"embeddable":true,"href":"https:\/\/home.glassexpo.com.br\/es\/wp-json\/wp\/v2\/media\/330"}],"wp:attachment":[{"href":"https:\/\/home.glassexpo.com.br\/es\/wp-json\/wp\/v2\/media?parent=588"}],"curies":[{"name":"wp","href":"https:\/\/api.w.org\/{rel}","templated":true}]}}