{"id":4798,"date":"2025-08-26T08:06:14","date_gmt":"2025-08-26T11:06:14","guid":{"rendered":"https:\/\/home.glassexpo.com.br\/?page_id=4798"},"modified":"2025-08-26T08:13:45","modified_gmt":"2025-08-26T11:13:45","slug":"materiais-exclusivos","status":"publish","type":"page","link":"https:\/\/home.glassexpo.com.br\/es\/materiais-exclusivos\/","title":{"rendered":"Materiais Exclusivos"},"content":{"rendered":"<div data-elementor-type=\"wp-post\" data-elementor-id=\"4798\" class=\"elementor elementor-4798\" data-elementor-settings=\"{&quot;ha_cmc_init_switcher&quot;:&quot;no&quot;}\">\n\t\t\t\t\t\t<section data-particle_enable=\"false\" data-particle-mobile-disabled=\"false\" class=\"elementor-section elementor-top-section elementor-element elementor-element-69505fb1 elementor-section-height-min-height elementor-section-boxed elementor-section-height-default elementor-section-items-middle\" data-id=\"69505fb1\" data-element_type=\"section\" data-e-type=\"section\" data-settings=\"{&quot;background_background&quot;:&quot;classic&quot;,&quot;_ha_eqh_enable&quot;:false,&quot;ekit_has_onepagescroll_dot&quot;:&quot;yes&quot;}\">\n\t\t\t\t\t\t\t<div class=\"elementor-background-overlay\"><\/div>\n\t\t\t\t\t\t\t<div class=\"elementor-container elementor-column-gap-default\">\n\t\t\t\t\t<div class=\"elementor-column elementor-col-100 elementor-top-column elementor-element elementor-element-77b12c5a\" data-id=\"77b12c5a\" data-element_type=\"column\" data-e-type=\"column\">\n\t\t\t<div class=\"elementor-widget-wrap elementor-element-populated\">\n\t\t\t\t<div data-particle_enable=\"false\" data-particle-mobile-disabled=\"false\" class=\"elementor-element elementor-element-9dd7295 e-flex e-con-boxed e-con e-parent\" data-id=\"9dd7295\" data-element_type=\"container\" data-e-type=\"container\" data-settings=\"{&quot;_ha_eqh_enable&quot;:false,&quot;ekit_has_onepagescroll_dot&quot;:&quot;yes&quot;}\">\n\t\t\t\t\t<div class=\"e-con-inner\">\n\t\t\t\t<div class=\"elementor-element elementor-element-93fdf8e elementor-widget elementor-widget-heading\" data-id=\"93fdf8e\" data-element_type=\"widget\" data-e-type=\"widget\" data-settings=\"{&quot;ekit_we_effect_on&quot;:&quot;none&quot;}\" data-widget_type=\"heading.default\">\n\t\t\t\t<div class=\"elementor-widget-container\">\n\t\t\t\t\t<h2 class=\"elementor-heading-title elementor-size-default\">Materiais Exclusivos<\/h2>\t\t\t\t<\/div>\n\t\t\t\t<\/div>\n\t\t\t\t\t<\/div>\n\t\t\t\t<\/div>\n\t\t\t\t\t<\/div>\n\t\t<\/div>\n\t\t\t\t\t<\/div>\n\t\t<\/section>\n\t\t<div data-particle_enable=\"false\" data-particle-mobile-disabled=\"false\" class=\"elementor-element elementor-element-d230ce7 e-flex e-con-boxed e-con e-parent\" data-id=\"d230ce7\" data-element_type=\"container\" data-e-type=\"container\" data-settings=\"{&quot;_ha_eqh_enable&quot;:false,&quot;ekit_has_onepagescroll_dot&quot;:&quot;yes&quot;}\">\n\t\t\t\t\t<div class=\"e-con-inner\">\n\t\t\t\t<div class=\"elementor-element elementor-element-b15121a elementor-widget__width-initial elementor-widget elementor-widget-text-editor\" data-id=\"b15121a\" data-element_type=\"widget\" data-e-type=\"widget\" data-settings=\"{&quot;ekit_we_effect_on&quot;:&quot;none&quot;}\" data-widget_type=\"text-editor.default\">\n\t\t\t\t<div class=\"elementor-widget-container\">\n\t\t\t\t\t\t\t\t\t<p>Nesta p\u00e1gina voc\u00ea encontra materiais exclusivos preparados para visitantes e expositores da\u00a0<strong>Glass South America<\/strong>. S\u00e3o conte\u00fados de apoio e ferramentas que v\u00e3o enriquecer sua experi\u00eancia antes e durante o evento \u2014 desde refer\u00eancias t\u00e9cnicas essenciais at\u00e9 pe\u00e7as para ampliar a sua divulga\u00e7\u00e3o.<\/p>\t\t\t\t\t\t\t\t<\/div>\n\t\t\t\t<\/div>\n\t\t\t\t\t<\/div>\n\t\t\t\t<\/div>\n\t\t<div data-particle_enable=\"false\" data-particle-mobile-disabled=\"false\" class=\"elementor-element elementor-element-87598a1 e-flex e-con-boxed e-con e-parent\" data-id=\"87598a1\" data-element_type=\"container\" data-e-type=\"container\" data-settings=\"{&quot;_ha_eqh_enable&quot;:false,&quot;ekit_has_onepagescroll_dot&quot;:&quot;yes&quot;}\">\n\t\t\t\t\t<div class=\"e-con-inner\">\n\t\t<div data-particle_enable=\"false\" data-particle-mobile-disabled=\"false\" class=\"elementor-element elementor-element-6f765a3 e-grid e-con-full e-con e-child\" data-id=\"6f765a3\" data-element_type=\"container\" data-e-type=\"container\" data-settings=\"{&quot;_ha_eqh_enable&quot;:false,&quot;ekit_has_onepagescroll_dot&quot;:&quot;yes&quot;}\">\n\t\t<div data-particle_enable=\"false\" data-particle-mobile-disabled=\"false\" class=\"elementor-element elementor-element-a4ee5b8 e-con-full e-flex e-con e-child\" data-id=\"a4ee5b8\" data-element_type=\"container\" data-e-type=\"container\" data-settings=\"{&quot;background_background&quot;:&quot;classic&quot;,&quot;_ha_eqh_enable&quot;:false,&quot;ekit_has_onepagescroll_dot&quot;:&quot;yes&quot;}\">\n\t\t\t\t<div class=\"elementor-element elementor-element-d00afd2 elementor-widget elementor-widget-heading\" data-id=\"d00afd2\" data-element_type=\"widget\" data-e-type=\"widget\" data-settings=\"{&quot;ekit_we_effect_on&quot;:&quot;none&quot;}\" data-widget_type=\"heading.default\">\n\t\t\t\t<div class=\"elementor-widget-container\">\n\t\t\t\t\t<h2 class=\"elementor-heading-title elementor-size-default\">Book da Glass South America<\/h2>\t\t\t\t<\/div>\n\t\t\t\t<\/div>\n\t\t\t\t<div class=\"elementor-element elementor-element-b8ca58a elementor-widget elementor-widget-text-editor\" data-id=\"b8ca58a\" data-element_type=\"widget\" data-e-type=\"widget\" data-settings=\"{&quot;ekit_we_effect_on&quot;:&quot;none&quot;}\" data-widget_type=\"text-editor.default\">\n\t\t\t\t<div class=\"elementor-widget-container\">\n\t\t\t\t\t\t\t\t\t<p><strong>As novidades que voc\u00ea encontrar\u00e1 na feira<\/strong><\/p><p>O Book da Glass re\u00fane os principais destaques dos expositores e tudo o que est\u00e1 acontecendo no evento. \u00c9 o guia oficial para voc\u00ea planejar sua visita e ficar por dentro das inova\u00e7\u00f5es e lan\u00e7amentos que movimentam o setor.<\/p>\t\t\t\t\t\t\t\t<\/div>\n\t\t\t\t<\/div>\n\t\t\t\t<div class=\"elementor-element elementor-element-ad02c93 elementor-align-center elementor-widget elementor-widget-button\" data-id=\"ad02c93\" data-element_type=\"widget\" data-e-type=\"widget\" data-settings=\"{&quot;ekit_we_effect_on&quot;:&quot;none&quot;}\" data-widget_type=\"button.default\">\n\t\t\t\t<div class=\"elementor-widget-container\">\n\t\t\t\t\t\t\t\t\t<div class=\"elementor-button-wrapper\">\n\t\t\t\t\t<a class=\"elementor-button elementor-button-link elementor-size-sm\" href=\"http:\/\/koi-3qniuahxmy.marketingautomation.services\/net\/m?md=RcHpMpZAAAVofhAOYARrbbKGqpsg1%2FZNtkTwMr%2B6CU4%3D\" target=\"_blank\">\n\t\t\t\t\t\t<span class=\"elementor-button-content-wrapper\">\n\t\t\t\t\t\t\t\t\t<span class=\"elementor-button-text\">Book de tend\u00eancias<\/span>\n\t\t\t\t\t<\/span>\n\t\t\t\t\t<\/a>\n\t\t\t\t<\/div>\n\t\t\t\t\t\t\t\t<\/div>\n\t\t\t\t<\/div>\n\t\t\t\t<\/div>\n\t\t<div data-particle_enable=\"false\" data-particle-mobile-disabled=\"false\" class=\"elementor-element elementor-element-8bbfca5 e-con-full e-flex e-con e-child\" data-id=\"8bbfca5\" data-element_type=\"container\" data-e-type=\"container\" data-settings=\"{&quot;background_background&quot;:&quot;classic&quot;,&quot;_ha_eqh_enable&quot;:false,&quot;ekit_has_onepagescroll_dot&quot;:&quot;yes&quot;}\">\n\t\t\t\t<div class=\"elementor-element elementor-element-3b00d74 elementor-widget elementor-widget-heading\" data-id=\"3b00d74\" data-element_type=\"widget\" data-e-type=\"widget\" data-settings=\"{&quot;ekit_we_effect_on&quot;:&quot;none&quot;}\" data-widget_type=\"heading.default\">\n\t\t\t\t<div class=\"elementor-widget-container\">\n\t\t\t\t\t<h2 class=\"elementor-heading-title elementor-size-default\">Regulamento da ABNT NBR 7199<\/h2>\t\t\t\t<\/div>\n\t\t\t\t<\/div>\n\t\t\t\t<div class=\"elementor-element elementor-element-a17a662 elementor-widget elementor-widget-text-editor\" data-id=\"a17a662\" data-element_type=\"widget\" data-e-type=\"widget\" data-settings=\"{&quot;ekit_we_effect_on&quot;:&quot;none&quot;}\" data-widget_type=\"text-editor.default\">\n\t\t\t\t<div class=\"elementor-widget-container\">\n\t\t\t\t\t\t\t\t\t<p><strong>Acesso gratuito para todos os visitantes<\/strong><\/p><p>Todos os visitantes da Glass South America ter\u00e3o direito a acessar a ABNT NBR 7199 \u2014 a norma de refer\u00eancia nacional para projetos, execu\u00e7\u00e3o e aplica\u00e7\u00f5es de vidro na constru\u00e7\u00e3o civil. Essa iniciativa \u00e9 uma parceria da\u00a0<strong>Abravidro com a Glass South America<\/strong>, garantindo mais seguran\u00e7a e qualidade para todo o setor.<\/p>\t\t\t\t\t\t\t\t<\/div>\n\t\t\t\t<\/div>\n\t\t\t\t<div class=\"elementor-element elementor-element-ff6f5b1 elementor-align-center elementor-widget elementor-widget-button\" data-id=\"ff6f5b1\" data-element_type=\"widget\" data-e-type=\"widget\" data-settings=\"{&quot;ekit_we_effect_on&quot;:&quot;none&quot;}\" data-widget_type=\"button.default\">\n\t\t\t\t<div class=\"elementor-widget-container\">\n\t\t\t\t\t\t\t\t\t<div class=\"elementor-button-wrapper\">\n\t\t\t\t\t<a class=\"elementor-button elementor-button-link elementor-size-sm\" href=\"http:\/\/koi-3qniuahxmy.marketingautomation.services\/net\/m?md=RcHpMpZAAAXQ3q3TlnYulF7i8ZidHbbOF%2F7wruCZcaU%3D\" target=\"_blank\">\n\t\t\t\t\t\t<span class=\"elementor-button-content-wrapper\">\n\t\t\t\t\t\t\t\t\t<span class=\"elementor-button-text\">Regulamento<\/span>\n\t\t\t\t\t<\/span>\n\t\t\t\t\t<\/a>\n\t\t\t\t<\/div>\n\t\t\t\t\t\t\t\t<\/div>\n\t\t\t\t<\/div>\n\t\t\t\t<\/div>\n\t\t<div data-particle_enable=\"false\" data-particle-mobile-disabled=\"false\" class=\"elementor-element elementor-element-536991d e-con-full e-flex e-con e-child\" data-id=\"536991d\" data-element_type=\"container\" data-e-type=\"container\" data-settings=\"{&quot;background_background&quot;:&quot;classic&quot;,&quot;_ha_eqh_enable&quot;:false,&quot;ekit_has_onepagescroll_dot&quot;:&quot;yes&quot;}\">\n\t\t\t\t<div class=\"elementor-element elementor-element-0440e62 elementor-widget elementor-widget-heading\" data-id=\"0440e62\" data-element_type=\"widget\" data-e-type=\"widget\" data-settings=\"{&quot;ekit_we_effect_on&quot;:&quot;none&quot;}\" data-widget_type=\"heading.default\">\n\t\t\t\t<div class=\"elementor-widget-container\">\n\t\t\t\t\t<h2 class=\"elementor-heading-title elementor-size-default\">Kit de Divulga\u00e7\u00e3o da Glass South America<\/h2>\t\t\t\t<\/div>\n\t\t\t\t<\/div>\n\t\t\t\t<div class=\"elementor-element elementor-element-e4b5336 elementor-widget elementor-widget-text-editor\" data-id=\"e4b5336\" data-element_type=\"widget\" data-e-type=\"widget\" data-settings=\"{&quot;ekit_we_effect_on&quot;:&quot;none&quot;}\" data-widget_type=\"text-editor.default\">\n\t\t\t\t<div class=\"elementor-widget-container\">\n\t\t\t\t\t\t\t\t\t<p><strong>Fortale\u00e7a sua presen\u00e7a digital<\/strong><\/p><p><br \/>Baixe pe\u00e7as oficiais de comunica\u00e7\u00e3o para usar nas redes sociais, e-mails e sites. Marque a\u00a0<strong>Glass South America<\/strong>\u00a0em suas publica\u00e7\u00f5es para ampliar sua visibilidade \u2014 estaremos atentos para repostar e compartilhar os conte\u00fados. \u00c9 a forma mais simples de mostrar sua participa\u00e7\u00e3o no maior evento de vidro da Am\u00e9rica Latina.<\/p>\t\t\t\t\t\t\t\t<\/div>\n\t\t\t\t<\/div>\n\t\t\t\t<div class=\"elementor-element elementor-element-182e4bf elementor-align-center elementor-widget elementor-widget-button\" data-id=\"182e4bf\" data-element_type=\"widget\" data-e-type=\"widget\" data-settings=\"{&quot;ekit_we_effect_on&quot;:&quot;none&quot;}\" data-widget_type=\"button.default\">\n\t\t\t\t<div class=\"elementor-widget-container\">\n\t\t\t\t\t\t\t\t\t<div class=\"elementor-button-wrapper\">\n\t\t\t\t\t<a class=\"elementor-button elementor-button-link elementor-size-sm\" href=\"https:\/\/koi-3QNIUAHXMY.marketingautomation.services\/net\/m?md=RcHpMpZAAAXVy%2FN1geLj5iHi2Czhqa6BJlCZATYHB9I%3D\" target=\"_blank\">\n\t\t\t\t\t\t<span class=\"elementor-button-content-wrapper\">\n\t\t\t\t\t\t\t\t\t<span class=\"elementor-button-text\">Materiais para download<\/span>\n\t\t\t\t\t<\/span>\n\t\t\t\t\t<\/a>\n\t\t\t\t<\/div>\n\t\t\t\t\t\t\t\t<\/div>\n\t\t\t\t<\/div>\n\t\t\t\t<\/div>\n\t\t\t\t<\/div>\n\t\t\t\t\t<\/div>\n\t\t\t\t<\/div>\n\t\t\t\t<\/div>","protected":false},"excerpt":{"rendered":"<p>Materiais Exclusivos Nesta p\u00e1gina voc\u00ea encontra materiais exclusivos preparados para visitantes e expositores da\u00a0Glass South America. S\u00e3o conte\u00fados de apoio e ferramentas que v\u00e3o enriquecer sua experi\u00eancia antes e durante o evento \u2014 desde refer\u00eancias t\u00e9cnicas essenciais at\u00e9 pe\u00e7as para ampliar a sua divulga\u00e7\u00e3o. Book da Glass South America As novidades que voc\u00ea encontrar\u00e1 na [&hellip;]<\/p>","protected":false},"author":1,"featured_media":330,"parent":0,"menu_order":0,"comment_status":"closed","ping_status":"closed","template":"","meta":{"om_disable_all_campaigns":false,"_monsterinsights_skip_tracking":false,"_monsterinsights_sitenote_active":false,"_monsterinsights_sitenote_note":"","_monsterinsights_sitenote_category":0,"footnotes":""},"class_list":["post-4798","page","type-page","status-publish","has-post-thumbnail","hentry"],"yoast_head":"<!-- This site is optimized with the Yoast SEO plugin v27.5 - https:\/\/yoast.com\/product\/yoast-seo-wordpress\/ -->\n<title>Glass South America - 12 - 15 de JUNHO 2024<\/title>\n<meta name=\"description\" content=\"A Glass South America \u00e9 a maior feira do setor vidreiro na Am\u00e9rica Latina\" \/>\n<meta name=\"robots\" content=\"index, follow, max-snippet:-1, max-image-preview:large, max-video-preview:-1\" \/>\n<link rel=\"canonical\" href=\"https:\/\/home.glassexpo.com.br\/es\/materiais-exclusivos\/\" \/>\n<meta property=\"og:locale\" content=\"es_ES\" \/>\n<meta property=\"og:type\" content=\"article\" \/>\n<meta property=\"og:title\" content=\"Glass South America - 12 - 15 de JUNHO 2024\" \/>\n<meta property=\"og:description\" content=\"A Glass South America \u00e9 a maior feira do setor vidreiro na Am\u00e9rica Latina\" \/>\n<meta property=\"og:url\" content=\"https:\/\/home.glassexpo.com.br\/es\/materiais-exclusivos\/\" \/>\n<meta property=\"og:site_name\" content=\"Glass Expo\" \/>\n<meta property=\"article:modified_time\" content=\"2025-08-26T11:13:45+00:00\" \/>\n<meta property=\"og:image\" content=\"https:\/\/home.glassexpo.com.br\/wp-content\/uploads\/2023\/05\/cropped-Ativo-111@3x.png\" \/>\n\t<meta property=\"og:image:width\" content=\"512\" \/>\n\t<meta property=\"og:image:height\" content=\"512\" \/>\n\t<meta property=\"og:image:type\" content=\"image\/png\" \/>\n<meta name=\"twitter:card\" content=\"summary_large_image\" \/>\n<meta name=\"twitter:label1\" content=\"Tiempo de lectura\" \/>\n\t<meta name=\"twitter:data1\" content=\"1 minuto\" \/>\n<script type=\"application\/ld+json\" class=\"yoast-schema-graph\">{\"@context\":\"https:\\\/\\\/schema.org\",\"@graph\":[{\"@type\":\"WebPage\",\"@id\":\"https:\\\/\\\/home.glassexpo.com.br\\\/materiais-exclusivos\\\/\",\"url\":\"https:\\\/\\\/home.glassexpo.com.br\\\/materiais-exclusivos\\\/\",\"name\":\"Glass South America - 12 - 15 de JUNHO 2024\",\"isPartOf\":{\"@id\":\"https:\\\/\\\/home.glassexpo.com.br\\\/#website\"},\"primaryImageOfPage\":{\"@id\":\"https:\\\/\\\/home.glassexpo.com.br\\\/materiais-exclusivos\\\/#primaryimage\"},\"image\":{\"@id\":\"https:\\\/\\\/home.glassexpo.com.br\\\/materiais-exclusivos\\\/#primaryimage\"},\"thumbnailUrl\":\"https:\\\/\\\/i0.wp.com\\\/home.glassexpo.com.br\\\/wp-content\\\/uploads\\\/2023\\\/05\\\/cropped-Ativo-111%403x.png?fit=512%2C512&ssl=1\",\"datePublished\":\"2025-08-26T11:06:14+00:00\",\"dateModified\":\"2025-08-26T11:13:45+00:00\",\"description\":\"A Glass South America \u00e9 a maior feira do setor vidreiro na Am\u00e9rica Latina\",\"breadcrumb\":{\"@id\":\"https:\\\/\\\/home.glassexpo.com.br\\\/materiais-exclusivos\\\/#breadcrumb\"},\"inLanguage\":\"es\",\"potentialAction\":[{\"@type\":\"ReadAction\",\"target\":[\"https:\\\/\\\/home.glassexpo.com.br\\\/materiais-exclusivos\\\/\"]}]},{\"@type\":\"ImageObject\",\"inLanguage\":\"es\",\"@id\":\"https:\\\/\\\/home.glassexpo.com.br\\\/materiais-exclusivos\\\/#primaryimage\",\"url\":\"https:\\\/\\\/i0.wp.com\\\/home.glassexpo.com.br\\\/wp-content\\\/uploads\\\/2023\\\/05\\\/cropped-Ativo-111%403x.png?fit=512%2C512&ssl=1\",\"contentUrl\":\"https:\\\/\\\/i0.wp.com\\\/home.glassexpo.com.br\\\/wp-content\\\/uploads\\\/2023\\\/05\\\/cropped-Ativo-111%403x.png?fit=512%2C512&ssl=1\",\"width\":512,\"height\":512},{\"@type\":\"BreadcrumbList\",\"@id\":\"https:\\\/\\\/home.glassexpo.com.br\\\/materiais-exclusivos\\\/#breadcrumb\",\"itemListElement\":[{\"@type\":\"ListItem\",\"position\":1,\"name\":\"In\u00edcio\",\"item\":\"https:\\\/\\\/home.glassexpo.com.br\\\/\"},{\"@type\":\"ListItem\",\"position\":2,\"name\":\"Materiais Exclusivos\"}]},{\"@type\":\"WebSite\",\"@id\":\"https:\\\/\\\/home.glassexpo.com.br\\\/#website\",\"url\":\"https:\\\/\\\/home.glassexpo.com.br\\\/\",\"name\":\"Glass South America\",\"description\":\"South America\",\"publisher\":{\"@id\":\"https:\\\/\\\/home.glassexpo.com.br\\\/#organization\"},\"potentialAction\":[{\"@type\":\"SearchAction\",\"target\":{\"@type\":\"EntryPoint\",\"urlTemplate\":\"https:\\\/\\\/home.glassexpo.com.br\\\/?s={search_term_string}\"},\"query-input\":{\"@type\":\"PropertyValueSpecification\",\"valueRequired\":true,\"valueName\":\"search_term_string\"}}],\"inLanguage\":\"es\"},{\"@type\":\"Organization\",\"@id\":\"https:\\\/\\\/home.glassexpo.com.br\\\/#organization\",\"name\":\"Glass South America\",\"url\":\"https:\\\/\\\/home.glassexpo.com.br\\\/\",\"logo\":{\"@type\":\"ImageObject\",\"inLanguage\":\"es\",\"@id\":\"https:\\\/\\\/home.glassexpo.com.br\\\/#\\\/schema\\\/logo\\\/image\\\/\",\"url\":\"https:\\\/\\\/home.glassexpo.com.br\\\/wp-content\\\/uploads\\\/2023\\\/05\\\/Ativo-111@3x.png\",\"contentUrl\":\"https:\\\/\\\/home.glassexpo.com.br\\\/wp-content\\\/uploads\\\/2023\\\/05\\\/Ativo-111@3x.png\",\"width\":2358,\"height\":2358,\"caption\":\"Glass South America\"},\"image\":{\"@id\":\"https:\\\/\\\/home.glassexpo.com.br\\\/#\\\/schema\\\/logo\\\/image\\\/\"}}]}<\/script>\n<!-- \/ Yoast SEO plugin. -->","yoast_head_json":{"title":"Glass South America - 12 - 15 de JUNHO 2024","description":"A Glass South America \u00e9 a maior feira do setor vidreiro na Am\u00e9rica Latina","robots":{"index":"index","follow":"follow","max-snippet":"max-snippet:-1","max-image-preview":"max-image-preview:large","max-video-preview":"max-video-preview:-1"},"canonical":"https:\/\/home.glassexpo.com.br\/es\/materiais-exclusivos\/","og_locale":"es_ES","og_type":"article","og_title":"Glass South America - 12 - 15 de JUNHO 2024","og_description":"A Glass South America \u00e9 a maior feira do setor vidreiro na Am\u00e9rica Latina","og_url":"https:\/\/home.glassexpo.com.br\/es\/materiais-exclusivos\/","og_site_name":"Glass Expo","article_modified_time":"2025-08-26T11:13:45+00:00","og_image":[{"width":512,"height":512,"url":"https:\/\/home.glassexpo.com.br\/wp-content\/uploads\/2023\/05\/cropped-Ativo-111@3x.png","type":"image\/png"}],"twitter_card":"summary_large_image","twitter_misc":{"Tiempo de lectura":"1 minuto"},"schema":{"@context":"https:\/\/schema.org","@graph":[{"@type":"WebPage","@id":"https:\/\/home.glassexpo.com.br\/materiais-exclusivos\/","url":"https:\/\/home.glassexpo.com.br\/materiais-exclusivos\/","name":"Glass South America - 12 - 15 de JUNHO 2024","isPartOf":{"@id":"https:\/\/home.glassexpo.com.br\/#website"},"primaryImageOfPage":{"@id":"https:\/\/home.glassexpo.com.br\/materiais-exclusivos\/#primaryimage"},"image":{"@id":"https:\/\/home.glassexpo.com.br\/materiais-exclusivos\/#primaryimage"},"thumbnailUrl":"https:\/\/i0.wp.com\/home.glassexpo.com.br\/wp-content\/uploads\/2023\/05\/cropped-Ativo-111%403x.png?fit=512%2C512&ssl=1","datePublished":"2025-08-26T11:06:14+00:00","dateModified":"2025-08-26T11:13:45+00:00","description":"A Glass South America \u00e9 a maior feira do setor vidreiro na Am\u00e9rica Latina","breadcrumb":{"@id":"https:\/\/home.glassexpo.com.br\/materiais-exclusivos\/#breadcrumb"},"inLanguage":"es","potentialAction":[{"@type":"ReadAction","target":["https:\/\/home.glassexpo.com.br\/materiais-exclusivos\/"]}]},{"@type":"ImageObject","inLanguage":"es","@id":"https:\/\/home.glassexpo.com.br\/materiais-exclusivos\/#primaryimage","url":"https:\/\/i0.wp.com\/home.glassexpo.com.br\/wp-content\/uploads\/2023\/05\/cropped-Ativo-111%403x.png?fit=512%2C512&ssl=1","contentUrl":"https:\/\/i0.wp.com\/home.glassexpo.com.br\/wp-content\/uploads\/2023\/05\/cropped-Ativo-111%403x.png?fit=512%2C512&ssl=1","width":512,"height":512},{"@type":"BreadcrumbList","@id":"https:\/\/home.glassexpo.com.br\/materiais-exclusivos\/#breadcrumb","itemListElement":[{"@type":"ListItem","position":1,"name":"In\u00edcio","item":"https:\/\/home.glassexpo.com.br\/"},{"@type":"ListItem","position":2,"name":"Materiais Exclusivos"}]},{"@type":"WebSite","@id":"https:\/\/home.glassexpo.com.br\/#website","url":"https:\/\/home.glassexpo.com.br\/","name":"Glass South America","description":"South America","publisher":{"@id":"https:\/\/home.glassexpo.com.br\/#organization"},"potentialAction":[{"@type":"SearchAction","target":{"@type":"EntryPoint","urlTemplate":"https:\/\/home.glassexpo.com.br\/?s={search_term_string}"},"query-input":{"@type":"PropertyValueSpecification","valueRequired":true,"valueName":"search_term_string"}}],"inLanguage":"es"},{"@type":"Organization","@id":"https:\/\/home.glassexpo.com.br\/#organization","name":"Glass South America","url":"https:\/\/home.glassexpo.com.br\/","logo":{"@type":"ImageObject","inLanguage":"es","@id":"https:\/\/home.glassexpo.com.br\/#\/schema\/logo\/image\/","url":"https:\/\/home.glassexpo.com.br\/wp-content\/uploads\/2023\/05\/Ativo-111@3x.png","contentUrl":"https:\/\/home.glassexpo.com.br\/wp-content\/uploads\/2023\/05\/Ativo-111@3x.png","width":2358,"height":2358,"caption":"Glass South America"},"image":{"@id":"https:\/\/home.glassexpo.com.br\/#\/schema\/logo\/image\/"}}]}},"jetpack_sharing_enabled":true,"_links":{"self":[{"href":"https:\/\/home.glassexpo.com.br\/es\/wp-json\/wp\/v2\/pages\/4798","targetHints":{"allow":["GET"]}}],"collection":[{"href":"https:\/\/home.glassexpo.com.br\/es\/wp-json\/wp\/v2\/pages"}],"about":[{"href":"https:\/\/home.glassexpo.com.br\/es\/wp-json\/wp\/v2\/types\/page"}],"author":[{"embeddable":true,"href":"https:\/\/home.glassexpo.com.br\/es\/wp-json\/wp\/v2\/users\/1"}],"replies":[{"embeddable":true,"href":"https:\/\/home.glassexpo.com.br\/es\/wp-json\/wp\/v2\/comments?post=4798"}],"version-history":[{"count":0,"href":"https:\/\/home.glassexpo.com.br\/es\/wp-json\/wp\/v2\/pages\/4798\/revisions"}],"wp:featuredmedia":[{"embeddable":true,"href":"https:\/\/home.glassexpo.com.br\/es\/wp-json\/wp\/v2\/media\/330"}],"wp:attachment":[{"href":"https:\/\/home.glassexpo.com.br\/es\/wp-json\/wp\/v2\/media?parent=4798"}],"curies":[{"name":"wp","href":"https:\/\/api.w.org\/{rel}","templated":true}]}}